{"id":95,"date":"2017-01-03T16:08:06","date_gmt":"2017-01-03T16:08:06","guid":{"rendered":"https:\/\/w4.foxdsgn.com\/coca\/?page_id=95"},"modified":"2022-02-06T12:25:10","modified_gmt":"2022-02-06T11:25:10","slug":"minimalist-home","status":"publish","type":"page","link":"https:\/\/www.okono.red\/","title":{"rendered":"Homepage"},"content":{"rendered":"<p>[vc_row full_width=\u00a0\u00bbstretch_row_content_no_spaces\u00a0\u00bb content_placement=\u00a0\u00bbbottom\u00a0\u00bb][vc_column][vc_banner_title title=\u00a0\u00bbOKONO.RED\u00a0\u00bb img=\u00a0\u00bb3964&Prime; enable_arrow_down=\u00a0\u00bbtrue\u00a0\u00bb content_info=\u00a0\u00bbL&rsquo;immobilier personnalis\u00e9.\u00a0\u00bb columns=\u00a0\u00bb%5B%7B%22text_type%22%3A%22text%22%7D%5D\u00a0\u00bb css=\u00a0\u00bb.vc_custom_1643722986950{background-image: url(http:\/\/www.okono.red\/wp-content\/uploads\/2022\/02\/213.jpg?id=5490) !important;background-position: center !important;background-repeat: no-repeat !important;background-size: cover !important;}\u00a0\u00bb][vc_row_inner css=\u00a0\u00bb.vc_custom_1644146366212{padding-top: 10px !important;padding-bottom: 10px !important;background-color: #87826e !important;}\u00a0\u00bb][vc_column_inner][\/vc_column_inner][\/vc_row_inner][\/vc_column][\/vc_row][vc_row desctop_pt=\u00a0\u00bbpadding-lg-100t\u00a0\u00bb desctop_pb=\u00a0\u00bbpadding-lg-50b\u00a0\u00bb tablets_pt=\u00a0\u00bbpadding-sm-70t\u00a0\u00bb tablets_pb=\u00a0\u00bbpadding-sm-30b\u00a0\u00bb el_id=\u00a0\u00bbabout\u00a0\u00bb][vc_column offset=\u00a0\u00bbvc_col-lg-4 vc_col-md-5&Prime;][vc_headings heading_style=\u00a0\u00bbcs-heading&#8211;modern\u00a0\u00bb heading_size=\u00a0\u00bbh3&Prime; title=\u00a0\u00bbOkono.red, le partenaire de vos projets immobiliers\u00a0\u00bb button=\u00a0\u00bburl:%23|title:D%C3%A9couvrir\u00a0\u00bb][\/vc_headings][vc_single_image image=\u00a0\u00bb5592&Prime; img_size=\u00a0\u00bb\u00a0\u00bb alignment=\u00a0\u00bbcenter\u00a0\u00bb][\/vc_column][vc_column tablets_mt=\u00a0\u00bbmargin-sm-30t\u00a0\u00bb offset=\u00a0\u00bbvc_col-lg-offset-1 vc_col-md-offset-0 vc_col-md-7&Prime;][vc_headings heading_style=\u00a0\u00bbcs-heading&#8211;modern\u00a0\u00bb]Oko Know sprl (okono.red) est une soci\u00e9t\u00e9 de d\u00e9veloppement de projets immobiliers. Un seul objectif : la valeur ajout\u00e9e en accompagnant de mani\u00e8re ad\u00e9quate et adapt\u00e9e ses clients, qu\u2019ils soient investisseurs particuliers, fonds institutionnels ou promoteurs. Sp\u00e9cialis\u00e9 dans les projets r\u00e9sidentiels, Oko Know d\u00e9veloppe \u00e9galement des projets commerciaux &amp; industriels (warehouse, salles de sports, medical center).<\/p>\n<p>L\u2019exp\u00e9rience accumul\u00e9e depuis pr\u00e8s de 20 ans dans la gestion de projet de construction, de d\u00e9veloppement de toutes tailles, permet aujourd\u2019hui \u00e0 Oko Know d\u2019identifier, de proposer, de d\u00e9velopper et de g\u00e9rer des projets de A \u00e0 Z ainsi que d\u2019organiser leur financement soit par des fonds publics ou priv\u00e9s.[\/vc_headings][\/vc_column][\/vc_row][vc_row full_width=\u00a0\u00bbstretch_row_content_no_spaces\u00a0\u00bb desctop_pb=\u00a0\u00bbpadding-lg-105b\u00a0\u00bb tablets_pb=\u00a0\u00bbpadding-sm-70b\u00a0\u00bb css=\u00a0\u00bb.vc_custom_1642517732808{background-color: #eef1f2 !important;}\u00a0\u00bb el_id=\u00a0\u00bbportfolio\u00a0\u00bb][vc_column css=\u00a0\u00bb.vc_custom_1522320799450{padding-top: 0px !important;}\u00a0\u00bb el_class=\u00a0\u00bbcs-column-container\u00a0\u00bb][vc_projects_posts templates=\u00a0\u00bbgrid\u00a0\u00bb post_type=\u00a0\u00bbprojects\u00a0\u00bb total_columns=\u00a0\u00bbcs-block&#8211;col4&Prime; gap_columns=\u00a0\u00bbcs-block&#8211;gap15&Prime; image_original_size=\u00a0\u00bbfull\u00a0\u00bb enable_load_more=\u00a0\u00bbtrue\u00a0\u00bb filter_type=\u00a0\u00bblocation\u00a0\u00bb filter=\u00a0\u00bbenable\u00a0\u00bb orderby=\u00a0\u00bbdate\u00a0\u00bb filter_post_option=\u00a0\u00bbyear\u00a0\u00bb posts_per_page=\u00a0\u00bb20&Prime; pix_filter=\u00a0\u00bbportfolio\u00a0\u00bb filter_position=\u00a0\u00bbtop\u00a0\u00bb][\/vc_column][\/vc_row][vc_row el_id=\u00a0\u00bbme\u00a0\u00bb][vc_column width=\u00a0\u00bb1\/3&Prime;][vc_single_image image=\u00a0\u00bb5487&Prime; img_size=\u00a0\u00bbfull\u00a0\u00bb][\/vc_column][vc_column width=\u00a0\u00bb2\/3&Prime;][vc_column_text]Tournaisien d\u2019origine form\u00e9 \u00e0 l\u2019Ecole d\u2019Interpr\u00e8tes Internationaux de l\u2019Universit\u00e9 de Mons-Hainaut, j\u2019ai d\u00e9marr\u00e9 ma carri\u00e8re dans la gestion de projets \u2018supply chain\u2019 (Emea &#8211; Europe) pour un groupe pharmaceutique pendant sept ans.<\/p>\n<p>J\u2019ai consacr\u00e9 les sept ann\u00e9es suivantes \u00e0 l\u2019accompagnement, l\u2019implantation et le d\u00e9veloppement de projets industriels en Wallonie picarde (de Tournai \u00e0 Enghien). Depuis, je suis enti\u00e8rement d\u00e9di\u00e9 \u00e0 la gestion g\u00e9n\u00e9rale de projets simples comme complexes\u00a0: appartements, maisons, r\u00e9sidences de vacances, infrastructures r\u00e9cr\u00e9atives, piscines etc\u2026<\/p>\n<p>J\u2019ai pu, gr\u00e2ce \u00e0 un important r\u00e9seau de clients et d\u2019institutionnels, aborder les diff\u00e9rents domaines de la construction d\u2019un projet, de sa r\u00e9flexion \u00e0 sa transmission. J\u2019ai eu la chance de travailler tant sur des projets de r\u00e9novations importantes, mais minutieuses, que sur des projets de promotions avec diff\u00e9rentes SICAFI (SIR). Cela me conf\u00e8re aujourd\u2019hui une vision globale de la gestion de projet, de la flexibilit\u00e9 et une gestion de l\u2019humain utile dans de nombreux domaines. Mes r\u00f4les varient de promoteurs, directeur g\u00e9n\u00e9ral et ma\u00eetre d\u2019\u0153uvre selon la typologie des projets ainsi que selon les besoins et souhaits du partenaire.<\/p>\n<p>Antoine Vanneste<br \/>\nFondateur-g\u00e9rant[\/vc_column_text][\/vc_column][\/vc_row][vc_row full_width=\u00a0\u00bbstretch_row\u00a0\u00bb css=\u00a0\u00bb.vc_custom_1644146707837{padding-top: 10px !important;padding-bottom: 10px !important;background-color: #87826e !important;}\u00a0\u00bb el_id=\u00a0\u00bbmedias\u00a0\u00bb][vc_column][\/vc_column][\/vc_row]<\/p>\n","protected":false},"excerpt":{"rendered":"<p>[vc_row full_width=\u00a0\u00bbstretch_row_content_no_spaces\u00a0\u00bb content_placement=\u00a0\u00bbbottom\u00a0\u00bb][vc_column][vc_banner_title title=\u00a0\u00bbOKONO.RED\u00a0\u00bb img=\u00a0\u00bb3964&Prime; enable_arrow_down=\u00a0\u00bbtrue\u00a0\u00bb content_info=\u00a0\u00bbL&rsquo;immobilier personnalis\u00e9.\u00a0\u00bb columns=\u00a0\u00bb%5B%7B%22text_type%22%3A%22text%22%7D%5D\u00a0\u00bb css=\u00a0\u00bb.vc_custom_1643722986950{background-image: url(http:\/\/www.okono.red\/wp-content\/uploads\/2022\/02\/213.jpg?id=5490) !important;background-position: center !important;background-repeat: no-repeat !important;background-size: cover !important;}\u00a0\u00bb][vc_row_inner css=\u00a0\u00bb.vc_custom_1644146366212{padding-top: 10px&#8230;<\/p>\n","protected":false},"author":1,"featured_media":0,"parent":0,"menu_order":0,"comment_status":"closed","ping_status":"closed","template":"","meta":[],"featured_image_src":null,"featured_image_src_square":null,"_links":{"self":[{"href":"https:\/\/www.okono.red\/index.php\/wp-json\/wp\/v2\/pages\/95"}],"collection":[{"href":"https:\/\/www.okono.red\/index.php\/wp-json\/wp\/v2\/pages"}],"about":[{"href":"https:\/\/www.okono.red\/index.php\/wp-json\/wp\/v2\/types\/page"}],"author":[{"embeddable":true,"href":"https:\/\/www.okono.red\/index.php\/wp-json\/wp\/v2\/users\/1"}],"replies":[{"embeddable":true,"href":"https:\/\/www.okono.red\/index.php\/wp-json\/wp\/v2\/comments?post=95"}],"version-history":[{"count":28,"href":"https:\/\/www.okono.red\/index.php\/wp-json\/wp\/v2\/pages\/95\/revisions"}],"predecessor-version":[{"id":5601,"href":"https:\/\/www.okono.red\/index.php\/wp-json\/wp\/v2\/pages\/95\/revisions\/5601"}],"wp:attachment":[{"href":"https:\/\/www.okono.red\/index.php\/wp-json\/wp\/v2\/media?parent=95"}],"curies":[{"name":"wp","href":"https:\/\/api.w.org\/{rel}","templated":true}]}}